{"id":993,"date":"2019-09-12T09:00:08","date_gmt":"2019-09-12T07:00:08","guid":{"rendered":"http:\/\/www.jn-elektronik.de\/?page_id=993"},"modified":"2024-03-26T11:50:12","modified_gmt":"2024-03-26T09:50:12","slug":"neu-plugn-play-version-doppellicht-v4-0","status":"publish","type":"page","link":"https:\/\/www.jn-elektronik.de\/?page_id=993","title":{"rendered":"Plug&#8217;n Play Versionen (Bilder)"},"content":{"rendered":"<p><strong>Mein Modul funktioniert nicht mit LED Scheinwerfern oder HID Lampen welche \u00fcber eigene Steuerger\u00e4te betrieben werden!<\/strong><\/p>\n<h2><span style=\"color: #99cc00;\"><strong>Welches Modul brauche ich f\u00fcr meine Maschine?<\/strong><\/span><\/h2>\n<p><span style=\"color: #000000;\">Hier <span style=\"color: #ff0000;\"><strong><a style=\"color: #ff0000;\" href=\"http:\/\/www.jn-elektronik.de\/?page_id=1040\">&gt;&gt;&gt; KLICK &lt;&lt;&lt;<\/a><\/strong><\/span> gibt es eine Liste welche st\u00e4ndig erweitert wird. <\/span><\/p>\n<p>Nicht aufgelistete Konfigurationen einfach anfragen! Bei Bestellung bitte immer das Motorrad Modell mit angeben da die Polung der Kontakte unterschiedlich sein kann.<\/p>\n<p><span style=\"text-decoration: underline;\"><strong>Doppellicht Modul V6.0\/V5.0\/V4.0 Plug&#8217;n Play-Version &#8222;Z&#8220;<br \/>\n<\/strong><\/span><\/p>\n<p><a href=\"http:\/\/www.jn-elektronik.de\/wp-content\/uploads\/2019\/06\/Z-Ohne1.jpg\" rel=\"attachment wp-att-1016\"><img loading=\"lazy\" decoding=\"async\" class=\"wp-image-1330 size-medium alignnone\" src=\"http:\/\/www.jn-elektronik.de\/wp-content\/uploads\/2019\/06\/Z-Ohne1-300x270.jpg\" alt=\"\" width=\"300\" height=\"270\" srcset=\"https:\/\/www.jn-elektronik.de\/wp-content\/uploads\/2019\/06\/Z-Ohne1-300x270.jpg 300w, https:\/\/www.jn-elektronik.de\/wp-content\/uploads\/2019\/06\/Z-Ohne1.jpg 640w\" sizes=\"auto, (max-width: 300px) 100vw, 300px\" \/><\/a><\/p>\n<p>Dieses Modul ist z.B. f\u00fcr die Kawasaki Modelle Z750 bis Z1000(sx) geeignet und ebenfalls bei allen anderen wo ab Werk ein Adapter auf dem H7 Leuchtmittel steckt. Der orig. Stecker ist dreipolig wovon aber nur 2 Kontakte belegt sind. Bitte vor Bestellung \u00fcberpr\u00fcfen.<\/p>\n<p>Preise siehe <strong><a href=\"http:\/\/www.jn-elektronik.de\/?page_id=1384\" target=\"_blank\" rel=\"noopener noreferrer\">Preisinformationen<\/a><\/strong><\/p>\n<p><span style=\"text-decoration: underline;\"><strong>Doppellicht Modul V6.0\/V5.0\/V4.0 Plug&#8217;n Play-Version &#8222;H7 direkt&#8220;<br \/>\n<\/strong><\/span><\/p>\n<p><a href=\"http:\/\/www.jn-elektronik.de\/wp-content\/uploads\/2015\/11\/Neues-Doppellicht-V4.0-1.jpg\" rel=\"attachment wp-att-1155\"><img loading=\"lazy\" decoding=\"async\" class=\"size-medium wp-image-1155 alignnone\" src=\"http:\/\/www.jn-elektronik.de\/wp-content\/uploads\/2015\/11\/Neues-Doppellicht-V4.0-1-300x232.jpg\" alt=\"Neues-Doppellicht-V4.0\" width=\"300\" height=\"232\" srcset=\"https:\/\/www.jn-elektronik.de\/wp-content\/uploads\/2015\/11\/Neues-Doppellicht-V4.0-1-300x232.jpg 300w, https:\/\/www.jn-elektronik.de\/wp-content\/uploads\/2015\/11\/Neues-Doppellicht-V4.0-1-768x595.jpg 768w, https:\/\/www.jn-elektronik.de\/wp-content\/uploads\/2015\/11\/Neues-Doppellicht-V4.0-1-1024x793.jpg 1024w, https:\/\/www.jn-elektronik.de\/wp-content\/uploads\/2015\/11\/Neues-Doppellicht-V4.0-1.jpg 1800w\" sizes=\"auto, (max-width: 300px) 100vw, 300px\" \/><\/a><\/p>\n<p>Dieses Modul passt zu allen Maschinen welche einen reinen H7 Anschlussstecker haben (2polig wie auf dem Bild) ohne irgendwelche Adapter. Bei manchen muss zun\u00e4chst ein Cover abgeschraubt werden bevor man an die Leuchtmittel ran kommt. Hier sind dann H7 Leuchtmittel ohne Adapter verbaut. Mein Modul kann hier eingesetzt werden.<\/p>\n<p>Bitte vor der Bestellung \u00fcberpr\u00fcfen ob der vorhandene Stecker wirklich ein H7 Stecker ist.<br \/>\nPreise siehe <strong><a href=\"http:\/\/www.jn-elektronik.de\/?page_id=1384\" target=\"_blank\" rel=\"noopener noreferrer\">Preisinformationen<\/a><\/strong><\/p>\n<p><span style=\"text-decoration: underline;\"><strong>Doppellicht Modul V6.0\/V5.0\/V4.0 Plug&#8217;n Play-Version &#8222;HB&#8220;<\/strong><\/span><\/p>\n<p><a href=\"http:\/\/www.jn-elektronik.de\/wp-content\/uploads\/2015\/11\/Doppellicht-Version-HB.jpg\" rel=\"attachment wp-att-1136\"><img loading=\"lazy\" decoding=\"async\" class=\"wp-image-1136 size-medium alignnone\" src=\"http:\/\/www.jn-elektronik.de\/wp-content\/uploads\/2015\/11\/Doppellicht-Version-HB-300x222.jpg\" alt=\"Doppellicht-Version-HB\" width=\"300\" height=\"222\" srcset=\"https:\/\/www.jn-elektronik.de\/wp-content\/uploads\/2015\/11\/Doppellicht-Version-HB-300x222.jpg 300w, https:\/\/www.jn-elektronik.de\/wp-content\/uploads\/2015\/11\/Doppellicht-Version-HB-768x569.jpg 768w, https:\/\/www.jn-elektronik.de\/wp-content\/uploads\/2015\/11\/Doppellicht-Version-HB-1024x759.jpg 1024w, https:\/\/www.jn-elektronik.de\/wp-content\/uploads\/2015\/11\/Doppellicht-Version-HB.jpg 1280w\" sizes=\"auto, (max-width: 300px) 100vw, 300px\" \/><\/a><\/p>\n<p>Dieses Modul ist f\u00fcr die Bandit POP. Es k\u00f6nnte auch an alle anderen Maschinen passen welche als Abblendlich HB4 und als Fernlicht HB3 Lampen haben. Die Polung ist an anderen Maschinen als der Bandit zu \u00fcberpr\u00fcfen!<\/p>\n<p>Preise siehe <strong><a href=\"http:\/\/www.jn-elektronik.de\/?page_id=1384\" target=\"_blank\" rel=\"noopener noreferrer\">Preisinformationen<\/a><\/strong><\/p>\n<p><span style=\"text-decoration: underline;\"><strong>Doppellicht Modul V6\/V5.0\/V4.0 Plug&#8217;n Play-Version &#8222;H7\/H9&#8220;<\/strong><\/span><\/p>\n<p><a href=\"http:\/\/www.jn-elektronik.de\/wp-content\/uploads\/2016\/04\/H7H9-Variante-Tiger1050.jpg\"><img loading=\"lazy\" decoding=\"async\" class=\"alignnone wp-image-1165 size-medium\" src=\"http:\/\/www.jn-elektronik.de\/wp-content\/uploads\/2016\/04\/H7H9-Variante-Tiger1050-300x248.jpg\" alt=\"H7H9-Variante-Tiger1050\" width=\"300\" height=\"248\" srcset=\"https:\/\/www.jn-elektronik.de\/wp-content\/uploads\/2016\/04\/H7H9-Variante-Tiger1050-300x248.jpg 300w, https:\/\/www.jn-elektronik.de\/wp-content\/uploads\/2016\/04\/H7H9-Variante-Tiger1050-768x634.jpg 768w, https:\/\/www.jn-elektronik.de\/wp-content\/uploads\/2016\/04\/H7H9-Variante-Tiger1050.jpg 800w\" sizes=\"auto, (max-width: 300px) 100vw, 300px\" \/><\/a><\/p>\n<p>Dieses Modul ist f\u00fcr die Triumph Tiger 1050. Es k\u00f6nnte auch an andere Triumph Maschinen passen welche als Abblendlich H7 und als Fernlicht H9 Lampen haben.<\/p>\n<p>Preise siehe <strong><a href=\"http:\/\/www.jn-elektronik.de\/?page_id=1384\" target=\"_blank\" rel=\"noopener noreferrer\">Preisinformationen<\/a><\/strong><\/p>\n<p><span style=\"text-decoration: underline;\"><strong>Doppellicht Modul V6.0\/V5.0\/V4.0 Plug&#8217;n Play-Version &#8222;H11&#8220;<\/strong><\/span><\/p>\n<p><a href=\"http:\/\/www.jn-elektronik.de\/wp-content\/uploads\/2016\/04\/H11-Variante.jpg\"><img loading=\"lazy\" decoding=\"async\" class=\"size-medium wp-image-1188 alignnone\" src=\"http:\/\/www.jn-elektronik.de\/wp-content\/uploads\/2016\/04\/H11-Variante-300x239.jpg\" alt=\"H11-Variante\" width=\"300\" height=\"239\" srcset=\"https:\/\/www.jn-elektronik.de\/wp-content\/uploads\/2016\/04\/H11-Variante-300x239.jpg 300w, https:\/\/www.jn-elektronik.de\/wp-content\/uploads\/2016\/04\/H11-Variante-768x612.jpg 768w, https:\/\/www.jn-elektronik.de\/wp-content\/uploads\/2016\/04\/H11-Variante.jpg 800w\" sizes=\"auto, (max-width: 300px) 100vw, 300px\" \/><\/a><\/p>\n<p>Preise siehe <strong><a href=\"http:\/\/www.jn-elektronik.de\/?page_id=1384\" target=\"_blank\" rel=\"noopener noreferrer\">Preisinformationen<\/a><\/strong><\/p>\n<p><span style=\"text-decoration: underline;\"><strong>Doppellicht Modul V6.0\/V5.0\/V4.0 Plug&#8217;n Play-Version &#8222;H9\/H11&#8220;<\/strong><\/span><\/p>\n<p><a href=\"http:\/\/www.jn-elektronik.de\/wp-content\/uploads\/2017\/03\/H9H11-Variante.jpg\"><img loading=\"lazy\" decoding=\"async\" class=\"size-medium wp-image-1242 alignnone\" src=\"http:\/\/www.jn-elektronik.de\/wp-content\/uploads\/2017\/03\/H9H11-Variante-300x240.jpg\" alt=\"\" width=\"300\" height=\"240\" srcset=\"https:\/\/www.jn-elektronik.de\/wp-content\/uploads\/2017\/03\/H9H11-Variante-300x240.jpg 300w, https:\/\/www.jn-elektronik.de\/wp-content\/uploads\/2017\/03\/H9H11-Variante-768x614.jpg 768w, https:\/\/www.jn-elektronik.de\/wp-content\/uploads\/2017\/03\/H9H11-Variante-1024x819.jpg 1024w\" sizes=\"auto, (max-width: 300px) 100vw, 300px\" \/><\/a><\/p>\n<p>Dieses Modul ist f\u00fcr eine ZX10-R Bj.2010 hergestellt worden. Es passt auch in andere Maschinen welche als Abblendlicht H11 und als Fernlicht H9 Lampen haben.<\/p>\n<p>Preise siehe <strong><a href=\"http:\/\/www.jn-elektronik.de\/?page_id=1384\" target=\"_blank\" rel=\"noopener noreferrer\">Preisinformationen<\/a><\/strong><\/p>\n<p>Eine Lieferung an Packstationen ist m\u00f6glich.<\/p>\n<p><em><strong>*Alle angegebenen Preise sind Endpreise zzgl. Liefer-\/Versandkosten. Aufgrund des Kleinunternehmerstatus gem. \u00a719 UStG erhebe ich keine Umsatzsteuer und weise diese daher auch nicht aus<\/strong><\/em><\/p>\n","protected":false},"excerpt":{"rendered":"<p>Mein Modul funktioniert nicht mit LED Scheinwerfern oder HID Lampen welche \u00fcber eigene Steuerger\u00e4te betrieben werden! Welches Modul brauche ich f\u00fcr meine Maschine? Hier &gt;&gt;&gt; KLICK &lt;&lt;&lt; gibt es eine Liste welche st\u00e4ndig erweitert wird. Nicht aufgelistete Konfigurationen einfach anfragen! &hellip; <a href=\"https:\/\/www.jn-elektronik.de\/?page_id=993\">Weiterlesen <span class=\"meta-nav\">&rarr;<\/span><\/a><\/p>\n","protected":false},"author":1,"featured_media":0,"parent":4,"menu_order":5,"comment_status":"closed","ping_status":"closed","template":"onecolumn-page.php","meta":{"footnotes":""},"class_list":["post-993","page","type-page","status-publish","hentry"],"_links":{"self":[{"href":"https:\/\/www.jn-elektronik.de\/index.php?rest_route=\/wp\/v2\/pages\/993","targetHints":{"allow":["GET"]}}],"collection":[{"href":"https:\/\/www.jn-elektronik.de\/index.php?rest_route=\/wp\/v2\/pages"}],"about":[{"href":"https:\/\/www.jn-elektronik.de\/index.php?rest_route=\/wp\/v2\/types\/page"}],"author":[{"embeddable":true,"href":"https:\/\/www.jn-elektronik.de\/index.php?rest_route=\/wp\/v2\/users\/1"}],"replies":[{"embeddable":true,"href":"https:\/\/www.jn-elektronik.de\/index.php?rest_route=%2Fwp%2Fv2%2Fcomments&post=993"}],"version-history":[{"count":80,"href":"https:\/\/www.jn-elektronik.de\/index.php?rest_route=\/wp\/v2\/pages\/993\/revisions"}],"predecessor-version":[{"id":1913,"href":"https:\/\/www.jn-elektronik.de\/index.php?rest_route=\/wp\/v2\/pages\/993\/revisions\/1913"}],"up":[{"embeddable":true,"href":"https:\/\/www.jn-elektronik.de\/index.php?rest_route=\/wp\/v2\/pages\/4"}],"wp:attachment":[{"href":"https:\/\/www.jn-elektronik.de\/index.php?rest_route=%2Fwp%2Fv2%2Fmedia&parent=993"}],"curies":[{"name":"wp","href":"https:\/\/api.w.org\/{rel}","templated":true}]}}