{"id":482,"date":"2022-05-10T18:00:00","date_gmt":"2022-05-10T16:00:00","guid":{"rendered":"http:\/\/www.jn-elektronik.de\/?page_id=482"},"modified":"2022-05-10T18:14:18","modified_gmt":"2022-05-10T16:14:18","slug":"autopowerfold-modul","status":"publish","type":"page","link":"https:\/\/www.jn-elektronik.de\/?page_id=482","title":{"rendered":"AutoPowerFold Modul"},"content":{"rendered":"<p>Mit meinem AutoPowerFold Modul V3.0 ist es m\u00f6glich, vorhandene, elektrisch anklappbare Au\u00dfenspiegel bei einem Opel\/Vauxhall Astra-J\/K\/GTC\/OPC&nbsp; beim verschlie\u00dfen oder \u00f6ffnen des Fahrzeuges automatisch an-bzw. abzuklappen.<br \/>\nZun\u00e4chst wird am Modul \u00fcber die integrierten Dip Schalter die entsprechende Anzahl an Tastendr\u00fccken der Funkfernbedienung gesetzt.<br \/>\n&nbsp;<br \/>\nIst z.B. der Dip Schalter f\u00fcr 2mal schlie\u00dfen\/\u00f6ffnen aktiviert so wird beim ersten dr\u00fccken der entsprechenden Taste ein Zeitfenster von ca. 4 Sekunden ge\u00f6ffnet, in welchem man die soeben gedr\u00fcckte Taste erneut dr\u00fccken muss, damit die Spiegel klappen. Verstreicht diese Zeit ohne das man ein zweites mal gedr\u00fcckt hat, so muss man den Vorgang wiederholen.<br \/>\n&nbsp;<br \/>\nVoraussetzung zur Nutzung meines Moduls ist ein umgebauter Spiegelschalter.<br \/>\n&nbsp;<br \/>\n&nbsp;<br \/>\nVideo zur Funktionsweise:&nbsp; <a href=\"http:\/\/youtu.be\/QNpOB0HLUPw\">AutoPowerFold Modul in Aktion<\/a><br \/>\n&nbsp;<br \/>\n&nbsp;<br \/>\n<strong>Die Ein-u. Umbauanleitungen findet ihr hier: <\/strong> <a href=\"http:\/\/www.jn-elektronik.de\/?page_id=555\" target=\"_blank\" rel=\"noopener\">Anleitungen<\/a><br \/>\n&nbsp;<br \/>\n&nbsp;<br \/>\n&nbsp;<br \/>\n<strong>Das neue Modul V3.0 kostet 54,50\u20ac* zzgl. <a href=\"http:\/\/www.jn-elektronik.de\/?page_id=862\" target=\"_blank\" rel=\"noopener\">Versandkosten<\/a><\/strong><br \/>\n&nbsp;<br \/>\n&nbsp;<\/p>\n<h3><strong>Lieferumfang:<\/strong><\/h3>\n<p><a href=\"http:\/\/www.jn-elektronik.de\/wp-content\/uploads\/2021\/03\/APFV3.0_Lieferumfang-scaled.jpg\"><img loading=\"lazy\" decoding=\"async\" class=\"alignleft size-medium wp-image-1519\" src=\"http:\/\/www.jn-elektronik.de\/wp-content\/uploads\/2021\/03\/APFV3.0_Lieferumfang-300x269.jpg\" alt=\"\" width=\"300\" height=\"269\" srcset=\"https:\/\/www.jn-elektronik.de\/wp-content\/uploads\/2021\/03\/APFV3.0_Lieferumfang-300x269.jpg 300w, https:\/\/www.jn-elektronik.de\/wp-content\/uploads\/2021\/03\/APFV3.0_Lieferumfang-1024x920.jpg 1024w, https:\/\/www.jn-elektronik.de\/wp-content\/uploads\/2021\/03\/APFV3.0_Lieferumfang-768x690.jpg 768w, https:\/\/www.jn-elektronik.de\/wp-content\/uploads\/2021\/03\/APFV3.0_Lieferumfang-1536x1379.jpg 1536w, https:\/\/www.jn-elektronik.de\/wp-content\/uploads\/2021\/03\/APFV3.0_Lieferumfang-2048x1839.jpg 2048w\" sizes=\"auto, (max-width: 300px) 100vw, 300px\" \/><\/a>1 x Modul<br \/>\n&nbsp;<br \/>\n1 x Kabelset, steckbar am Modul und am umgebauten Spiegelschalter, zwei offene Leitungen zum Anschluss an die T\u00fcrverriegelung.<br \/>\n&nbsp;<br \/>\n1xSteckkontakt f\u00fcr den Umbau des Spiegelschalters, siehe Foto &gt;&gt; <a title=\"Umgebauter Spiegelschalter\" href=\"http:\/\/www.jn-elektronik.de\/wp-content\/uploads\/2014\/11\/IMG_3420.jpg\" target=\"_blank\" rel=\"noopener\">klick<\/a><br \/>\n&nbsp;<br \/>\n<em>*Alle angegebenen Preise sind Endpreise zzgl. Liefer-\/Versandkosten.<\/em><br \/>\n&nbsp;<br \/>\n<em>Gem\u00e4ss \u00a7 19 UStG erheben ich keine Umsatzsteuer und weise diese daher auch nicht aus.<\/em><\/p>\n","protected":false},"excerpt":{"rendered":"<p>Mit meinem AutoPowerFold Modul V3.0 ist es m\u00f6glich, vorhandene, elektrisch anklappbare Au\u00dfenspiegel bei einem Opel\/Vauxhall Astra-J\/K\/GTC\/OPC&nbsp; beim verschlie\u00dfen oder \u00f6ffnen des Fahrzeuges automatisch an-bzw. abzuklappen. Zun\u00e4chst wird am Modul \u00fcber die integrierten Dip Schalter die entsprechende Anzahl an Tastendr\u00fccken der &hellip; <a href=\"https:\/\/www.jn-elektronik.de\/?page_id=482\">Weiterlesen <span class=\"meta-nav\">&rarr;<\/span><\/a><\/p>\n","protected":false},"author":1,"featured_media":1675,"parent":0,"menu_order":3,"comment_status":"closed","ping_status":"closed","template":"onecolumn-page.php","meta":{"footnotes":""},"class_list":["post-482","page","type-page","status-publish","has-post-thumbnail","hentry"],"_links":{"self":[{"href":"https:\/\/www.jn-elektronik.de\/index.php?rest_route=\/wp\/v2\/pages\/482","targetHints":{"allow":["GET"]}}],"collection":[{"href":"https:\/\/www.jn-elektronik.de\/index.php?rest_route=\/wp\/v2\/pages"}],"about":[{"href":"https:\/\/www.jn-elektronik.de\/index.php?rest_route=\/wp\/v2\/types\/page"}],"author":[{"embeddable":true,"href":"https:\/\/www.jn-elektronik.de\/index.php?rest_route=\/wp\/v2\/users\/1"}],"replies":[{"embeddable":true,"href":"https:\/\/www.jn-elektronik.de\/index.php?rest_route=%2Fwp%2Fv2%2Fcomments&post=482"}],"version-history":[{"count":52,"href":"https:\/\/www.jn-elektronik.de\/index.php?rest_route=\/wp\/v2\/pages\/482\/revisions"}],"predecessor-version":[{"id":1536,"href":"https:\/\/www.jn-elektronik.de\/index.php?rest_route=\/wp\/v2\/pages\/482\/revisions\/1536"}],"wp:featuredmedia":[{"embeddable":true,"href":"https:\/\/www.jn-elektronik.de\/index.php?rest_route=\/wp\/v2\/media\/1675"}],"wp:attachment":[{"href":"https:\/\/www.jn-elektronik.de\/index.php?rest_route=%2Fwp%2Fv2%2Fmedia&parent=482"}],"curies":[{"name":"wp","href":"https:\/\/api.w.org\/{rel}","templated":true}]}}