{"id":4,"date":"2018-02-05T09:00:19","date_gmt":"2018-02-05T07:00:19","guid":{"rendered":"http:\/\/u604646.srv211.twosteps.net\/jn-elektronik.de\/?page_id=4"},"modified":"2024-03-07T13:38:33","modified_gmt":"2024-03-07T11:38:33","slug":"doppellicht-module","status":"publish","type":"page","link":"https:\/\/www.jn-elektronik.de\/?page_id=4","title":{"rendered":"Doppellicht Modul"},"content":{"rendered":"<p style=\"text-align: left;\">Mein Doppellicht Modul hat den Sinn, das Fernlicht gedimmt mitleuchten zu lassen. Generell kann es f\u00fcr jeden Scheinwerfer genutzt werden (max. 12V\/60Watt), unabh\u00e4ngig vom Motorradtyp. Wichtig ist das das Abblendlicht eingeschaltet bleibt wenn man auf Dauerfernlicht umstellt, da mein Modul \u00fcber das Abblendlicht versorgt wird.<\/p>\n<p style=\"text-align: left;\">Wenn dem nicht so ist, hat das meistens den Grund das beide Lampen in einem Reflektor sitzen und auch nicht zusammen eingeschaltet sein d\u00fcrfen um den Reflektor nicht zu \u00fcberhitzen. Hier sollte mein Modul nicht eingesetzt werden.<\/p>\n<p style=\"text-align: left;\">Es gibt allerdings auch Motorr\u00e4der wo das Abblendlicht trotz vorhandener, getrennter Reflektoren abgeschaltet wird. Hierf\u00fcr gibt es von mir einen extra Verschaltungsplan um mein Modul nutzen zu k\u00f6nnen (hier ist keine PnP L\u00f6sung m\u00f6glich).<\/p>\n<p style=\"text-align: left;\">Meine Module arbeiten ohne Magnet, Schalter oder Einstellschraube. Die komplette Programmierung sowie das Ein-u. Ausschalten des Modules wird bei Version 3.0 \/ 4.0 ausschlie\u00dflich \u00fcber den Lichthupenknopf gesteuert, bei Version 5.0 zus\u00e4tzlich \u00fcber Bluetooth (Android only).<br \/>\nBei der neuen Version 6.0 Wi-Fi\u00ae k\u00f6nnen alle Einstellungen (zus\u00e4tzlich zur Lichthupe) \u00fcber eine im Modul integrierte APP eingestellt werden. Das Modul besitzt keine ABE und ist im Bereich der STVZO nicht erlaubt.<\/p>\n<hr \/>\n<p style=\"text-align: left;\"><strong>Es gibt grunds\u00e4tzlich nur zwei Varianten (bitte anklicken):<\/strong><\/p>\n<p style=\"text-align: left;\"><a href=\"http:\/\/www.jn-elektronik.de\/?page_id=1126\">1. Eine zum selbstverkabeln, original Kabelbaum muss durchtrennt werden<\/a><\/p>\n<p style=\"text-align: left;\"><a href=\"http:\/\/www.jn-elektronik.de\/?page_id=993\">2. Eine Plug&#8217;n Play Version &#8211; einfach anstecken &#8211; fertig. Keinerlei Besch\u00e4digung des orig. Kabelbaumes.<\/a><\/p>\n<hr \/>\n<p>Bilder vom Endergebnis: Einbau in verschiedene Modelle<\/p>\n<p style=\"text-align: justify;\"><a href=\"http:\/\/www.jn-elektronik.de\/wp-content\/uploads\/2012\/08\/med_gallery_11350_1067_51468.jpg\"><img loading=\"lazy\" decoding=\"async\" width=\"200\" height=\"300\" class=\" wp-image-262\" title=\"med_gallery_11350_1067_51468\" src=\"http:\/\/www.jn-elektronik.de\/wp-content\/uploads\/2012\/08\/med_gallery_11350_1067_51468-200x300.jpg\" alt=\"\" srcset=\"https:\/\/www.jn-elektronik.de\/wp-content\/uploads\/2012\/08\/med_gallery_11350_1067_51468-200x300.jpg 200w, https:\/\/www.jn-elektronik.de\/wp-content\/uploads\/2012\/08\/med_gallery_11350_1067_51468.jpg 427w\" sizes=\"auto, (max-width: 200px) 100vw, 200px\" \/><\/a><a href=\"http:\/\/www.jn-elektronik.de\/wp-content\/uploads\/2012\/07\/DSC_0028_k.jpg\"><img loading=\"lazy\" decoding=\"async\" src=\"http:\/\/www.jn-elektronik.de\/wp-content\/uploads\/2012\/07\/DSC_0028_k.jpg\" alt=\"DSC_0028_k\" width=\"371\" height=\"299\" \/><\/a><a href=\"http:\/\/www.jn-elektronik.de\/wp-content\/uploads\/2014\/03\/Module-on-low-beam.jpg\"><img loading=\"lazy\" decoding=\"async\" class=\"alignnone\" src=\"http:\/\/www.jn-elektronik.de\/wp-content\/uploads\/2014\/03\/Module-on-low-beam-199x300.jpg\" alt=\"Module on, low beam\" width=\"199\" height=\"300\" \/><\/a><a href=\"http:\/\/www.jn-elektronik.de\/wp-content\/uploads\/2014\/03\/Module-on-high-beam.jpg\"><img loading=\"lazy\" decoding=\"async\" class=\"alignnone\" src=\"http:\/\/www.jn-elektronik.de\/wp-content\/uploads\/2014\/03\/Module-on-high-beam-199x300.jpg\" alt=\"Module on, high beam\" width=\"199\" height=\"300\" \/><\/a><a href=\"http:\/\/www.jn-elektronik.de\/wp-content\/uploads\/2014\/03\/Module-on-low-beam.jpg\">\u00a0 <\/a><a href=\"http:\/\/www.jn-elektronik.de\/wp-content\/uploads\/2014\/03\/Module-off.jpg\"><img loading=\"lazy\" decoding=\"async\" class=\"alignnone\" src=\"http:\/\/www.jn-elektronik.de\/wp-content\/uploads\/2014\/03\/Module-off-199x300.jpg\" alt=\"Module off\" width=\"199\" height=\"300\" \/><\/a><a href=\"http:\/\/www.jn-elektronik.de\/wp-content\/uploads\/2015\/09\/High-beam-II-e1442744157583.jpg\"><img loading=\"lazy\" decoding=\"async\" class=\" alignnone wp-image-916\" src=\"http:\/\/www.jn-elektronik.de\/wp-content\/uploads\/2015\/09\/High-beam-II-e1442744157583.jpg\" alt=\"High beam II\" width=\"168\" height=\"301\" \/><\/a><a href=\"http:\/\/www.jn-elektronik.de\/wp-content\/uploads\/2015\/09\/Low-beam-I-e1442744140991.jpg\"><img loading=\"lazy\" decoding=\"async\" class=\" alignnone wp-image-915\" src=\"http:\/\/www.jn-elektronik.de\/wp-content\/uploads\/2015\/09\/Low-beam-I-e1442744140991.jpg\" alt=\"Low beam I\" width=\"186\" height=\"302\" \/><\/a><\/p>\n<p>Fotos (oben) einer Honda CBR1000 RRA Fireblade, Bj 2013 und einer Honda CBF1000F<br \/>\nvon Anders Andersen, DK<\/p>\n<p><a href=\"http:\/\/www.jn-elektronik.de\/wp-content\/uploads\/2016\/01\/Z1000SX-13-2-e1453742119411.jpg\" rel=\"attachment wp-att-1107\"><img loading=\"lazy\" decoding=\"async\" class=\"size-medium wp-image-1107 alignnone\" src=\"http:\/\/www.jn-elektronik.de\/wp-content\/uploads\/2016\/01\/Z1000SX-13-2-e1453742119411-225x300.jpg\" alt=\"Z1000SX-13-2\" width=\"225\" height=\"300\" srcset=\"https:\/\/www.jn-elektronik.de\/wp-content\/uploads\/2016\/01\/Z1000SX-13-2-e1453742119411-225x300.jpg 225w, https:\/\/www.jn-elektronik.de\/wp-content\/uploads\/2016\/01\/Z1000SX-13-2-e1453742119411-768x1024.jpg 768w\" sizes=\"auto, (max-width: 225px) 100vw, 225px\" \/><\/a><a href=\"http:\/\/www.jn-elektronik.de\/wp-content\/uploads\/2016\/01\/Z1000SX-13.png\" rel=\"attachment wp-att-1106\"><img loading=\"lazy\" decoding=\"async\" class=\"size-medium wp-image-1106 alignnone\" src=\"http:\/\/www.jn-elektronik.de\/wp-content\/uploads\/2016\/01\/Z1000SX-13-300x225.png\" alt=\"Z1000SX-13\" width=\"300\" height=\"225\" srcset=\"https:\/\/www.jn-elektronik.de\/wp-content\/uploads\/2016\/01\/Z1000SX-13-300x225.png 300w, https:\/\/www.jn-elektronik.de\/wp-content\/uploads\/2016\/01\/Z1000SX-13-768x576.png 768w, https:\/\/www.jn-elektronik.de\/wp-content\/uploads\/2016\/01\/Z1000SX-13.png 1000w\" sizes=\"auto, (max-width: 300px) 100vw, 300px\" \/><\/a><\/p>\n<p>Z1000-SX Bj. 2013<\/p>\n<p><a href=\"http:\/\/www.jn-elektronik.de\/wp-content\/uploads\/2016\/08\/kawasaki_z_1000_sx_2016_01.png\"><img loading=\"lazy\" decoding=\"async\" class=\"alignnone wp-image-1181 size-large\" src=\"http:\/\/www.jn-elektronik.de\/wp-content\/uploads\/2016\/08\/kawasaki_z_1000_sx_2016_01-1024x457.png\" alt=\"kawasaki_z_1000_sx_2016_01\" width=\"640\" height=\"286\" srcset=\"https:\/\/www.jn-elektronik.de\/wp-content\/uploads\/2016\/08\/kawasaki_z_1000_sx_2016_01-1024x457.png 1024w, https:\/\/www.jn-elektronik.de\/wp-content\/uploads\/2016\/08\/kawasaki_z_1000_sx_2016_01-300x134.png 300w, https:\/\/www.jn-elektronik.de\/wp-content\/uploads\/2016\/08\/kawasaki_z_1000_sx_2016_01-768x343.png 768w, https:\/\/www.jn-elektronik.de\/wp-content\/uploads\/2016\/08\/kawasaki_z_1000_sx_2016_01.png 1890w\" sizes=\"auto, (max-width: 640px) 100vw, 640px\" \/><\/a><\/p>\n<p>Z1000-SX Bj. 2016<\/p>\n<p><img loading=\"lazy\" decoding=\"async\" class=\"alignnone wp-image-705 size-medium\" src=\"http:\/\/www.jn-elektronik.de\/wp-content\/uploads\/2014\/08\/Triumph-Tiger-1050_50-225x300.jpg\" alt=\"Triumph Tiger 1050\" width=\"225\" height=\"300\" srcset=\"https:\/\/www.jn-elektronik.de\/wp-content\/uploads\/2014\/08\/Triumph-Tiger-1050_50-225x300.jpg 225w, https:\/\/www.jn-elektronik.de\/wp-content\/uploads\/2014\/08\/Triumph-Tiger-1050_50.jpg 768w\" sizes=\"auto, (max-width: 225px) 100vw, 225px\" \/><\/p>\n<p>Triumph Tiger 1050 &#8211; Foto von Herrn B.<\/p>\n<p><a href=\"http:\/\/www.jn-elektronik.de\/wp-content\/uploads\/2018\/02\/GSX100RK1-e1517846254520.jpg\"><img loading=\"lazy\" decoding=\"async\" class=\"size-medium wp-image-1280 alignnone\" src=\"http:\/\/www.jn-elektronik.de\/wp-content\/uploads\/2018\/02\/GSX100RK1-e1517846225703-169x300.jpg\" alt=\"\" width=\"169\" height=\"300\" \/><\/a><\/p>\n<p>GSX1000R-K1 &#8211; Foto von Herrn H.<\/p>\n<p><a href=\"http:\/\/www.jn-elektronik.de\/wp-content\/uploads\/2019\/05\/Honda-SWT600Bj.2011.jpg\"><img loading=\"lazy\" decoding=\"async\" class=\"size-medium wp-image-1323 alignnone\" src=\"http:\/\/www.jn-elektronik.de\/wp-content\/uploads\/2019\/05\/Honda-SWT600Bj.2011-142x300.jpg\" alt=\"\" width=\"142\" height=\"300\" srcset=\"https:\/\/www.jn-elektronik.de\/wp-content\/uploads\/2019\/05\/Honda-SWT600Bj.2011-142x300.jpg 142w, https:\/\/www.jn-elektronik.de\/wp-content\/uploads\/2019\/05\/Honda-SWT600Bj.2011-768x1625.jpg 768w, https:\/\/www.jn-elektronik.de\/wp-content\/uploads\/2019\/05\/Honda-SWT600Bj.2011-484x1024.jpg 484w, https:\/\/www.jn-elektronik.de\/wp-content\/uploads\/2019\/05\/Honda-SWT600Bj.2011.jpg 1206w\" sizes=\"auto, (max-width: 142px) 100vw, 142px\" \/><\/a><\/p>\n<p>Honda SWT600 Bj. 2011 &#8211; Foto von Herrn S.<\/p>\n","protected":false},"excerpt":{"rendered":"<p>Mein Doppellicht Modul hat den Sinn, das Fernlicht gedimmt mitleuchten zu lassen. Generell kann es f\u00fcr jeden Scheinwerfer genutzt werden (max. 12V\/60Watt), unabh\u00e4ngig vom Motorradtyp. Wichtig ist das das Abblendlicht eingeschaltet bleibt wenn man auf Dauerfernlicht umstellt, da mein Modul &hellip; <a href=\"https:\/\/www.jn-elektronik.de\/?page_id=4\">Weiterlesen <span class=\"meta-nav\">&rarr;<\/span><\/a><\/p>\n","protected":false},"author":1,"featured_media":82,"parent":0,"menu_order":2,"comment_status":"closed","ping_status":"closed","template":"","meta":{"footnotes":""},"class_list":["post-4","page","type-page","status-publish","has-post-thumbnail","hentry"],"_links":{"self":[{"href":"https:\/\/www.jn-elektronik.de\/index.php?rest_route=\/wp\/v2\/pages\/4","targetHints":{"allow":["GET"]}}],"collection":[{"href":"https:\/\/www.jn-elektronik.de\/index.php?rest_route=\/wp\/v2\/pages"}],"about":[{"href":"https:\/\/www.jn-elektronik.de\/index.php?rest_route=\/wp\/v2\/types\/page"}],"author":[{"embeddable":true,"href":"https:\/\/www.jn-elektronik.de\/index.php?rest_route=\/wp\/v2\/users\/1"}],"replies":[{"embeddable":true,"href":"https:\/\/www.jn-elektronik.de\/index.php?rest_route=%2Fwp%2Fv2%2Fcomments&post=4"}],"version-history":[{"count":94,"href":"https:\/\/www.jn-elektronik.de\/index.php?rest_route=\/wp\/v2\/pages\/4\/revisions"}],"predecessor-version":[{"id":1825,"href":"https:\/\/www.jn-elektronik.de\/index.php?rest_route=\/wp\/v2\/pages\/4\/revisions\/1825"}],"wp:featuredmedia":[{"embeddable":true,"href":"https:\/\/www.jn-elektronik.de\/index.php?rest_route=\/wp\/v2\/media\/82"}],"wp:attachment":[{"href":"https:\/\/www.jn-elektronik.de\/index.php?rest_route=%2Fwp%2Fv2%2Fmedia&parent=4"}],"curies":[{"name":"wp","href":"https:\/\/api.w.org\/{rel}","templated":true}]}}