{"id":25,"date":"2017-10-16T09:00:01","date_gmt":"2017-10-16T07:00:01","guid":{"rendered":"http:\/\/u604646.srv211.twosteps.net\/jn-elektronik.de\/?page_id=25"},"modified":"2019-07-17T09:12:34","modified_gmt":"2019-07-17T07:12:34","slug":"ganganzeige","status":"publish","type":"page","link":"https:\/\/www.jn-elektronik.de\/?page_id=25","title":{"rendered":"Ganganzeige"},"content":{"rendered":"<hr \/>\n<h2><span style=\"color: #ff0000;\"><strong>Die Produktion f\u00fcr dieses Produkt wurde eingestellt. 17.07.2019 JN<br \/>\n<\/strong><\/span><\/h2>\n<hr \/>\n<p>Der Sinn einer Ganganzeige ist es, wie der Name vermuten l\u00e4sst :-), den gerade eingelegten Gang anzuzeigen. Meine Ganganzeige erledigt das<br \/>\n<strong>ohne jegliche zetliche Verz\u00f6gerung!<\/strong><\/p>\n<p>Es gibt von mir nur noch eine Ganganzeigen f\u00fcr die EVO (oder Baugleiche):<\/p>\n<h2><strong>EVO-16-Segment (nur im Anzeigengeh\u00e4use erh\u00e4ltlich)<\/strong><\/h2>\n<p>Anzeige im Geh\u00e4use (16-Segment) -&gt; Farben rot, blau, wei\u00df -&gt; Ziffernh\u00f6he ca. 15mm<br \/>\nMa\u00dfe des Geh\u00e4uses (bxhxt in mm): 25x32x24<\/p>\n<p>Anzeige eines Namens\/Textes beim einschalten der Z\u00fcndung, m.W. Weltweit einmalig!<br \/>\nDer Name \/ Text kann ohne zus\u00e4tzliche Tools direkt am Ger\u00e4t selbt programmiert werden.<\/p>\n<p><a href=\"http:\/\/www.jn-elektronik.de\/wp-content\/uploads\/2015\/08\/weieanzeigeuntercockpit.jpg\"><img loading=\"lazy\" decoding=\"async\" class=\" wp-image-911 alignnone\" src=\"http:\/\/www.jn-elektronik.de\/wp-content\/uploads\/2015\/08\/weieanzeigeuntercockpit.jpg\" alt=\"weieanzeigeuntercockpit\" width=\"252\" height=\"189\" srcset=\"https:\/\/www.jn-elektronik.de\/wp-content\/uploads\/2015\/08\/weieanzeigeuntercockpit.jpg 600w, https:\/\/www.jn-elektronik.de\/wp-content\/uploads\/2015\/08\/weieanzeigeuntercockpit-300x225.jpg 300w\" sizes=\"auto, (max-width: 252px) 100vw, 252px\" \/><\/a><\/p>\n<p><a href=\"http:\/\/www.jn-elektronik.de\/wp-content\/uploads\/2015\/08\/16seg_im_Geh\u00e4use_rot.jpg\"><img loading=\"lazy\" decoding=\"async\" class=\" wp-image-906 alignnone\" src=\"http:\/\/www.jn-elektronik.de\/wp-content\/uploads\/2015\/08\/16seg_im_Geh\u00e4use_rot.jpg\" alt=\"16seg_im_Geh\u00e4use_rot\" width=\"249\" height=\"321\" srcset=\"https:\/\/www.jn-elektronik.de\/wp-content\/uploads\/2015\/08\/16seg_im_Geh\u00e4use_rot.jpg 400w, https:\/\/www.jn-elektronik.de\/wp-content\/uploads\/2015\/08\/16seg_im_Geh\u00e4use_rot-233x300.jpg 233w\" sizes=\"auto, (max-width: 249px) 100vw, 249px\" \/><\/a><\/p>\n<p><strong>Preis:<\/strong> &#8212; \u20ac<\/p>\n<p>Man kann zwischen 2 bereits gespeicherten Wertetabellen w\u00e4hlen oder aber alle G\u00e4nge manuell anlernen<\/p>\n<p>Die Helligkeit kann in 3 stufen programmiert werden (keine automatik).<\/p>\n<p>Meine Ganganzeigen laufen in sehr vielen Bandit\u00b4s ab Bj.07, SV650-1000, GSX-R 600-1000, SRAD ab 97, Cagiva Raptor, Hayabusa, TL1000 etc.<\/p>\n<p>Die aktuelle Doku findet man\u00a0<a href=\"http:\/\/www.jn-elektronik.de\/wp-content\/uploads\/2013\/05\/Bedienungsanleitung-GA08-komplett-Rev3.0.pdf\">&gt;&gt; hier &lt;&lt;<\/a><\/p>\n","protected":false},"excerpt":{"rendered":"<p>Die Produktion f\u00fcr dieses Produkt wurde eingestellt. 17.07.2019 JN Der Sinn einer Ganganzeige ist es, wie der Name vermuten l\u00e4sst :-), den gerade eingelegten Gang anzuzeigen. Meine Ganganzeige erledigt das ohne jegliche zetliche Verz\u00f6gerung! Es gibt von mir nur noch &hellip; <a href=\"https:\/\/www.jn-elektronik.de\/?page_id=25\">Weiterlesen <span class=\"meta-nav\">&rarr;<\/span><\/a><\/p>\n","protected":false},"author":1,"featured_media":81,"parent":0,"menu_order":1,"comment_status":"closed","ping_status":"closed","template":"onecolumn-page.php","meta":{"footnotes":""},"class_list":["post-25","page","type-page","status-publish","has-post-thumbnail","hentry"],"_links":{"self":[{"href":"https:\/\/www.jn-elektronik.de\/index.php?rest_route=\/wp\/v2\/pages\/25","targetHints":{"allow":["GET"]}}],"collection":[{"href":"https:\/\/www.jn-elektronik.de\/index.php?rest_route=\/wp\/v2\/pages"}],"about":[{"href":"https:\/\/www.jn-elektronik.de\/index.php?rest_route=\/wp\/v2\/types\/page"}],"author":[{"embeddable":true,"href":"https:\/\/www.jn-elektronik.de\/index.php?rest_route=\/wp\/v2\/users\/1"}],"replies":[{"embeddable":true,"href":"https:\/\/www.jn-elektronik.de\/index.php?rest_route=%2Fwp%2Fv2%2Fcomments&post=25"}],"version-history":[{"count":61,"href":"https:\/\/www.jn-elektronik.de\/index.php?rest_route=\/wp\/v2\/pages\/25\/revisions"}],"predecessor-version":[{"id":1633,"href":"https:\/\/www.jn-elektronik.de\/index.php?rest_route=\/wp\/v2\/pages\/25\/revisions\/1633"}],"wp:featuredmedia":[{"embeddable":true,"href":"https:\/\/www.jn-elektronik.de\/index.php?rest_route=\/wp\/v2\/media\/81"}],"wp:attachment":[{"href":"https:\/\/www.jn-elektronik.de\/index.php?rest_route=%2Fwp%2Fv2%2Fmedia&parent=25"}],"curies":[{"name":"wp","href":"https:\/\/api.w.org\/{rel}","templated":true}]}}