{"id":1834,"date":"2024-03-07T13:42:50","date_gmt":"2024-03-07T11:42:50","guid":{"rendered":"https:\/\/www.jn-elektronik.de\/?page_id=1834"},"modified":"2024-03-08T16:59:01","modified_gmt":"2024-03-08T14:59:01","slug":"version-6-0-neu-pnp-und-wi-fi","status":"publish","type":"page","link":"https:\/\/www.jn-elektronik.de\/?page_id=1834","title":{"rendered":"Version 6.0 &#8211; NEU! PnP und Wi-Fi\u00ae"},"content":{"rendered":"\n<div class=\"wp-block-group is-vertical is-content-justification-left is-layout-flex wp-container-core-group-is-layout-c0ca7d81 wp-block-group-is-layout-flex\">\n<p class=\"has-text-align-left\">Die Version 6.0 in ein reines plug&#8217;n play Modul. Der Kabelbaum der Maschine wird in keiner Weise besch\u00e4digt. Das Modul unterst\u00fctzt Wi-Fi\u00ae und hat eine eigene APP auf dem Modul selbst installiert. Diese APP l\u00e4sst sich auf jedem Smartphone \u00f6ffnen, ohne das eine APP etc. installiert werden muss.  <br>Alle Funktionen des Moduls sind zus\u00e4tzlich auch \u00fcber die Lichthupe einstellbar.<\/p>\n\n\n\n<p class=\"has-text-align-left\">Eine Beschreibung aller Module gibt es hier: <br><a href=\"https:\/\/www.jn-elektronik.de\/?page_id=547\" data-type=\"page\" data-id=\"547\">Anschluss und Programmierung \/ Wiring and programming<\/a><\/p>\n<\/div>\n","protected":false},"excerpt":{"rendered":"<p>Die Version 6.0 in ein reines plug&#8217;n play Modul. Der Kabelbaum der Maschine wird in keiner Weise besch\u00e4digt. Das Modul unterst\u00fctzt Wi-Fi\u00ae und hat eine eigene APP auf dem Modul selbst installiert. Diese APP l\u00e4sst sich auf jedem Smartphone \u00f6ffnen, &hellip; <a href=\"https:\/\/www.jn-elektronik.de\/?page_id=1834\">Weiterlesen <span class=\"meta-nav\">&rarr;<\/span><\/a><\/p>\n","protected":false},"author":1,"featured_media":0,"parent":4,"menu_order":3,"comment_status":"closed","ping_status":"closed","template":"onecolumn-page.php","meta":{"footnotes":""},"class_list":["post-1834","page","type-page","status-publish","hentry"],"_links":{"self":[{"href":"https:\/\/www.jn-elektronik.de\/index.php?rest_route=\/wp\/v2\/pages\/1834","targetHints":{"allow":["GET"]}}],"collection":[{"href":"https:\/\/www.jn-elektronik.de\/index.php?rest_route=\/wp\/v2\/pages"}],"about":[{"href":"https:\/\/www.jn-elektronik.de\/index.php?rest_route=\/wp\/v2\/types\/page"}],"author":[{"embeddable":true,"href":"https:\/\/www.jn-elektronik.de\/index.php?rest_route=\/wp\/v2\/users\/1"}],"replies":[{"embeddable":true,"href":"https:\/\/www.jn-elektronik.de\/index.php?rest_route=%2Fwp%2Fv2%2Fcomments&post=1834"}],"version-history":[{"count":3,"href":"https:\/\/www.jn-elektronik.de\/index.php?rest_route=\/wp\/v2\/pages\/1834\/revisions"}],"predecessor-version":[{"id":1873,"href":"https:\/\/www.jn-elektronik.de\/index.php?rest_route=\/wp\/v2\/pages\/1834\/revisions\/1873"}],"up":[{"embeddable":true,"href":"https:\/\/www.jn-elektronik.de\/index.php?rest_route=\/wp\/v2\/pages\/4"}],"wp:attachment":[{"href":"https:\/\/www.jn-elektronik.de\/index.php?rest_route=%2Fwp%2Fv2%2Fmedia&parent=1834"}],"curies":[{"name":"wp","href":"https:\/\/api.w.org\/{rel}","templated":true}]}}