{"id":1776,"date":"2023-09-26T08:49:01","date_gmt":"2023-09-26T06:49:01","guid":{"rendered":"http:\/\/www.jn-elektronik.de\/?page_id=1776"},"modified":"2023-09-26T08:51:03","modified_gmt":"2023-09-26T06:51:03","slug":"datenschutz-app","status":"publish","type":"page","link":"https:\/\/www.jn-elektronik.de\/?page_id=1776","title":{"rendered":"Datenschutzerkl\u00e4rung Android APP"},"content":{"rendered":"\n<h2 class=\"wp-block-heading\">I. &nbsp;&nbsp;&nbsp;&nbsp;&nbsp;&nbsp;&nbsp;&nbsp; Allgemein&nbsp;&nbsp;&nbsp;&nbsp;&nbsp;&nbsp;<\/h2>\n\n\n\n<p>Wir nehmen den Schutz Ihrer personenbezogenen Daten sehr ernst und behandeln diese vertraulich und entsprechend der gesetzlichen Datenschutzvorschriften sowie dieser Datenschutzerkl\u00e4rung. Diese Datenschutzerkl\u00e4rung gilt f\u00fcr unsere mobilen iPhone- und Android-Apps (im Folgenden \u201eAPP\u201c). In ihr werden Art, Zweck und Umfang der Datenerhebung im Rahmen der APP-Nutzung erl\u00e4utert. Wir weisen darauf hin, dass die Daten\u00fcbertragung im Internet Sicherheitsl\u00fccken aufweisen kann. Ein l\u00fcckenloser Schutz der Daten vor dem Zugriff durch Dritte ist nicht m\u00f6glich.<\/p>\n\n\n\n<h3 class=\"wp-block-heading\">Verantwortliche Stelle<\/h3>\n\n\n\n<p>Verantwortliche Stelle f\u00fcr die Datenverarbeitung im Rahmen dieser APP ist:<\/p>\n\n\n\n<p>Jens Neumann<\/p>\n\n\n\n<p>Schimmelstr. 12<\/p>\n\n\n\n<p>D \u201345897 Gelsenkirchen<\/p>\n\n\n\n<p>E-Mail: info@jn-elektronik.de<\/p>\n\n\n\n<p>Webseite: www.jn-elektronik.de<\/p>\n\n\n\n<h3 class=\"wp-block-heading\">Allgemeine Speicherdauer personenbezogener Daten&nbsp;<\/h3>\n\n\n\n<p>Vorbehaltlich abweichender oder konkretisierender Angaben innerhalb dieser Datenschutzerkl\u00e4rung werden die von dieser APP erhobenen <a><\/a><a>personenbezogenen Daten<\/a> gespeichert, bis Sie uns zur L\u00f6schung auffordern, Ihre Einwilligung zur Speicherung widerrufen oder der Zweck f\u00fcr die Datenspeicherung entf\u00e4llt. Sofern eine gesetzliche Pflicht zur Aufbewahrung oder ein sonstiger gesetzlich anerkannter Grund zur Speicherung der Daten (z. B. berechtigtes Interesse) besteht, werden die betreffenden personenbezogenen Daten nicht vor Wegfall des jeweiligen Aufbewahrungsgrundes gel\u00f6scht.<\/p>\n\n\n\n<h3 class=\"wp-block-heading\">Rechtsgrundlagen zur Speicherung personenbezogener Daten&nbsp;<\/h3>\n\n\n\n<p>Die Verarbeitung personenbezogener Daten ist nur zul\u00e4ssig, wenn eine wirksame Rechtsgrundlage f\u00fcr die Verarbeitung dieser Daten besteht. Sofern wir Ihre Daten verarbeiten, geschieht dies regelm\u00e4\u00dfig auf Grundlage Ihrer Einwilligung nach Art. 6 Abs. 1 lit. a DSGVO (z. B. bei freiwilliger Angabe Ihrer Daten in der Anmeldemaske oder im Rahmen des Kontaktformulars), zum Zwecke der Vertragserf\u00fcllung nach Art. 6 Abs. 1 lit. b DSGVO (z. B. bei Nutzung von In-APP-K\u00e4ufen oder der Nutzung sonstiger kostenpflichtiger APP-Funktionen) oder aufgrund berechtigter Interessen nach Art. 6 Abs. 1 lit. f DSGVO, die stets mit Ihren Interessen abgewogen werden (z. B. im Rahmen von Werbema\u00dfnahmen). Die jeweils einschl\u00e4gigen Rechtsgrundlagen werden ggf. an gesonderter Stelle im Rahmen dieser Datenschutzerkl\u00e4rung konkretisiert.&nbsp;&nbsp;<\/p>\n\n\n\n<h3 class=\"wp-block-heading\">\u00c4nderung dieser Datenschutzerkl\u00e4rung<\/h3>\n\n\n\n<p>Wir behalten uns das Recht vor, diese Datenschutzbestimmungen unter Einhaltung der gesetzlichen Vorgaben jederzeit zu \u00e4ndern.<\/p>\n\n\n\n<h2 class=\"wp-block-heading\">II. Ihre Rechte<\/h2>\n\n\n\n<p>Die DSGVO gew\u00e4hrt Betroffenen, deren personenbezogene Daten von uns verarbeitet werden, bestimmte Rechte, \u00fcber die wir Sie an dieser Stelle aufkl\u00e4ren m\u00f6chten:&nbsp;<\/p>\n\n\n\n<h3 class=\"wp-block-heading\">Widerruf Ihrer Einwilligung zur Datenverarbeitung<\/h3>\n\n\n\n<p>Viele Datenverarbeitungsvorg\u00e4nge sind nur mit Ihrer Einwilligung m\u00f6glich. Diese werden wir vor Beginn der Datenverarbeitung ausdr\u00fccklich bei Ihnen einholen. Sie k\u00f6nnen diese Einwilligung jederzeit widerrufen. Dazu reicht eine formlose Mitteilung per E-Mail an uns. Die Rechtm\u00e4\u00dfigkeit der bis zum Widerruf erfolgten Datenverarbeitungsvorg\u00e4nge bleibt vom Widerruf unber\u00fchrt.<\/p>\n\n\n\n<h3 class=\"wp-block-heading\">WIDERSPRUCHSRECHT GEGEN DIE DATENERHEBUNG IN BESONDEREN F\u00c4LLEN SOWIE GEGEN DIREKTWERBUNG (ART. 21 DSGVO)<\/h3>\n\n\n\n<p>WENN DIE DATENVERARBEITUNG AUF GRUNDLAGE VON ART. 6 ABS. 1 LIT. E ODER F DSGVO ERFOLGT, HABEN SIE JEDERZEIT DAS RECHT, AUS GR\u00dcNDEN, DIE SICH AUS IHRER BESONDEREN SITUATION ERGEBEN, GEGEN DIE VERARBEITUNG SIE BETREFFENDER PERSONENBEZOGENER DATEN WIDERSPRUCH EINZULEGEN; DIES GILT AUCH F\u00dcR EIN AUF DIESE BESTIMMUNGEN GEST\u00dcTZTES PROFILING. DIE JEWEILIGE RECHTSGRUNDLAGE, AUF DENEN EINE VERARBEITUNG BERUHT, ENTNEHMEN SIE DIESER DATENSCHUTZERKL\u00c4RUNG. WENN SIE WIDERSPRUCH EINLEGEN, WERDEN WIR DIE BETROFFENEN PERSONENBEZOGENEN DATEN NICHT MEHR VERARBEITEN, ES SEI DENN, WIR K\u00d6NNEN ZWINGENDE SCHUTZW\u00dcRDIGE GR\u00dcNDE F\u00dcR DIE VERARBEITUNG NACHWEISEN, DIE IHRE INTERESSEN, RECHTE UND FREIHEITEN \u00dcBERWIEGEN ODER DIE DER VERARBEITUNG DER GELTENDMACHUNG, AUS\u00dcBUNG ODER VERTEIDIGUNG VON RECHTSANSPR\u00dcCHEN DIENEN.<\/p>\n\n\n\n<p>WERDEN IHRE PERSONENBEZOGENEN DATEN VERARBEITET, UM DIREKTWERBUNG<\/p>\n\n\n\n<p>ZU BETREIBEN, SO HABEN SIE DAS RECHT, JEDERZEIT WIDERSPRUCH GEGEN DIE VERARBEITUNG SIE BETREFFENDER PERSONENBEZOGENER DATEN ZUM ZWECKE DERARTIGER WERBUNG EINZULEGEN; DIES GILT AUCH F\u00dcR DAS PROFILING, SOWEIT ES MIT SOLCHER DIREKTWERBUNG IN VERBINDUNG STEHT. WENN SIE WIDERSPRECHEN, WERDEN IHRE PERSONENBEZOGENEN DATEN ANSCHLIESSEND NICHT MEHR ZUM ZWECKE DER DIREKTWERBUNG VERWENDET.<\/p>\n\n\n\n<h3 class=\"wp-block-heading\">Beschwerderecht bei einer Aufsichtsbeh\u00f6rde<\/h3>\n\n\n\n<p>Im Falle von Verst\u00f6\u00dfen gegen die DSGVO steht den Betroffenen ein Beschwerderecht bei einer Aufsichtsbeh\u00f6rde zu. Das Beschwerderecht besteht unbeschadet anderweitiger verwaltungsrechtlicher oder gerichtlicher Rechtsbehelfe.<\/p>\n\n\n\n<h3 class=\"wp-block-heading\">Auskunft, L\u00f6schung und Berichtigung<\/h3>\n\n\n\n<p>Sie haben jederzeit das Recht auf unentgeltliche Auskunft \u00fcber Ihre gespeicherten personenbezogenen Daten, deren Herkunft und Empf\u00e4nger und den Zweck der<\/p>\n\n\n\n<p>Datenverarbeitung sowie ein Recht auf Berichtigung oder L\u00f6schung dieser Daten. Hierzu sowie zu weiteren Fragen zum Thema personenbezogene Daten k\u00f6nnen Sie sich jederzeit unter der im Impressum angegebenen Adresse an uns wenden.<\/p>\n\n\n\n<h3 class=\"wp-block-heading\">Recht auf Einschr\u00e4nkung der Verarbeitung<\/h3>\n\n\n\n<p>Sie haben das Recht, die Einschr\u00e4nkung der Verarbeitung Ihrer personenbezogenen Daten zu verlangen. Hierzu k\u00f6nnen Sie sich jederzeit unter der im Impressum angegebenen Adresse an uns wenden. Das Recht auf Einschr\u00e4nkung der Verarbeitung besteht in folgenden F\u00e4llen:<\/p>\n\n\n\n<ul class=\"wp-block-list\">\n<li><strong>Wenn Sie die Richtigkeit Ihrer bei uns gespeicherten personenbezogenen Daten bestreiten,&nbsp;&nbsp;&nbsp;&nbsp; ben\u00f6tigen wir in der Regel Zeit, um dies zu \u00fcberpr\u00fcfen. F\u00fcr die Dauer der Pr\u00fcfung haben&nbsp; Sie das Recht, die Einschr\u00e4nkung der Verarbeitung Ihrer personenbezogenen Daten zu &nbsp;&nbsp;&nbsp;&nbsp;&nbsp;&nbsp;&nbsp;&nbsp;&nbsp;&nbsp;&nbsp;&nbsp; verlangen.<\/strong><\/li>\n\n\n\n<li><strong>Wenn die Verarbeitung Ihrer personenbezogenen Daten unrechtm\u00e4\u00dfig geschah \/&nbsp;&nbsp;&nbsp;&nbsp;&nbsp;&nbsp;&nbsp; geschieht, k\u00f6nnen Sie statt der L\u00f6schung die Einschr\u00e4nkung&nbsp;&nbsp;&nbsp;&nbsp;&nbsp;&nbsp;&nbsp;&nbsp;&nbsp;&nbsp;&nbsp; der Datenverarbeitung verlangen.<\/strong><\/li>\n\n\n\n<li><strong>Wenn wir Ihre personenbezogenen Daten nicht mehr ben\u00f6tigen, Sie sie jedoch zur\u00a0\u00a0\u00a0\u00a0\u00a0 Aus\u00fcbung, Verteidigung oder Geltendmachung von Rechtsanspr\u00fcchen ben\u00f6tigen, haben\u00a0\u00a0 Sie das Recht, statt der L\u00f6schung die Einschr\u00e4nkung der Verarbeitung Ihrer\u00a0\u00a0\u00a0\u00a0\u00a0\u00a0\u00a0\u00a0\u00a0\u00a0\u00a0\u00a0 personenbezogenen Daten zu verlangen.<\/strong><\/li>\n\n\n\n<li><strong>Wenn Sie einen Widerspruch nach Art. 21 Abs. 1 DSGVO eingelegt haben, muss eine&nbsp;&nbsp; Abw\u00e4gung zwischen Ihren und unseren Interessen vorgenommen werden. Solange noch&nbsp;&nbsp;&nbsp;&nbsp; nicht feststeht, wessen Interessen \u00fcberwiegen, haben Sie das Recht, die Einschr\u00e4nkung&nbsp;&nbsp;&nbsp;&nbsp;&nbsp;&nbsp;&nbsp;&nbsp;&nbsp;&nbsp; der Verarbeitung Ihrer personenbezogenen Daten zu verlangen.<\/strong><\/li>\n<\/ul>\n\n\n\n<p>Wenn Sie die Verarbeitung Ihrer personenbezogenen Daten eingeschr\u00e4nkt haben, d\u00fcrfen diese Daten \u2013 von ihrer Speicherung abgesehen \u2013 nur mit Ihrer Einwilligung oder zur Geltendmachung, Aus\u00fcbung oder Verteidigung von Rechtsanspr\u00fcchen oder zum Schutz der Rechte einer anderen nat\u00fcrlichen oder juristischen Person oder aus Gr\u00fcnden eines wichtigen \u00f6ffentlichen Interesses der Europ\u00e4ischen Union oder eines Mitgliedstaats verarbeitet werden.<\/p>\n\n\n\n<h3 class=\"wp-block-heading\">Recht auf Daten\u00fcbertragbarkeit<\/h3>\n\n\n\n<p>Sie haben das Recht, Daten, die wir auf Grundlage Ihrer Einwilligung oder in Erf\u00fcllung eines Vertrags automatisiert verarbeiten, an sich oder an einen Dritten in einem g\u00e4ngigen, maschinenlesbaren Format aush\u00e4ndigen zu lassen. Sofern Sie die direkte \u00dcbertragung der Daten an einen anderen Verantwortlichen verlangen, erfolgt dies nur, soweit es technisch machbar ist.<\/p>\n\n\n\n<h2 class=\"wp-block-heading\">III. Zugriffsrechte der&nbsp; APP&nbsp;&nbsp;&nbsp;&nbsp;<\/h2>\n\n\n\n<p>Zur Bereitstellung unserer Dienste \u00fcber die APP ben\u00f6tigen wir die im folgenden aufgez\u00e4hlten Zugriffsrechte, die es uns erm\u00f6glichen, auf bestimmte Funktionen Ihres Ger\u00e4ts zuzugreifen.<\/p>\n\n\n\n<p>Standortdaten (zwingend erforderlich f\u00fcr eine Bluetooth<a><\/a><a><\/a><a>\u00ae<\/a> LE Verbindung)<\/p>\n\n\n\n<p>Speicher: Speicherung der Einstellung f\u00fcr die verwendete Sprache innerhalb der APP<\/p>\n\n\n\n<p>Bluetooth\u00ae Verbindungen<\/p>\n\n\n\n<p>Vibrationssensor (f\u00fcr das haptische Feedback beim Dr\u00fccken eines Buttons)<\/p>\n\n\n\n<p>Internetverbindung (\u00f6ffnen von Webseite)<\/p>\n\n\n\n<p>Der Zugriff auf die Ger\u00e4tefunktionen ist erforderlich, um die Funktionalit\u00e4ten der APP zu gew\u00e4hrleisten. Rechtsgrundlage f\u00fcr diese Datenverarbeitung ist unser berechtigtes Interesse im Sinne von Art. 6 Abs. 1 lit. f DSGVO, Ihre Einwilligung im Sinne des Art. 6 Abs. 1 lit. a DSGVO oder \u2013 sofern ein Vertrag geschlossen wurde \u2013 die Erf\u00fcllung unserer vertraglichen Verpflichtungen (Art. 6 Abs. 1 lit. b DSGVO).<\/p>\n\n\n\n<p>Die Speicherdauer f\u00fcr die so erfassten Daten ist wie folgt geregelt:&nbsp;<\/p>\n\n\n\n<p>Spracheinstellungen werden bis zur Deinstallation der APP gespeichert,<\/p>\n\n\n\n<p>Standortdaten nur bei Verwendung der APP<\/p>\n\n\n\n<h2 class=\"wp-block-heading\">IV. Erfassung personenbezogener Daten im Rahmen der APP-Nutzung<\/h2>\n\n\n\n<h3 class=\"wp-block-heading\">Allgemein<\/h3>\n\n\n\n<p>Wenn Sie unsere APP nutzen, erfassen wir folgende personenbezogene Daten von Ihnen:\u00a0 <\/p>\n\n\n\n<ul class=\"wp-block-list\">\n<li>Ger\u00e4tekennung<\/li>\n\n\n\n<li>Metadaten<\/li>\n\n\n\n<li>Nutzungsdaten<\/li>\n<\/ul>\n\n\n\n<p>Die Verarbeitung dieser personenbezogenen Daten ist erforderlich, um die Funktionalit\u00e4ten der APP zu gew\u00e4hrleisten. Rechtsgrundlage f\u00fcr diese Datenverarbeitung ist unser berechtigtes Interesse im Sinne von Art. 6 Abs. 1 lit. f DSGVO, Ihre Einwilligung im Sinne des Art. 6 Abs. 1 lit. a DSGVO oder \u2013 sofern ein Vertrag geschlossen wurde \u2013 die Erf\u00fcllung unserer vertraglichen Verpflichtungen (Art. 6 Abs. 1 lit. b DSGVO).<\/p>\n\n\n\n<p>Die Speicherdauer f\u00fcr die so erfassten Daten ist wie folgt geregelt:&nbsp;<\/p>\n\n\n\n<p>Bis zur Deinstallation der APP<\/p>\n\n\n\n<h3 class=\"wp-block-heading\">Anfrage innerhalb der APP, per E-Mail, Telefon oder Telefax<\/h3>\n\n\n\n<p>Wenn Sie uns kontaktieren (z. B. via Kontaktformular innerhalb der App, per E-Mail, Telefon oder Telefax), wird Ihre Anfrage inklusive aller daraus hervorgehenden personenbezogenen Daten (z. B. Name, Anfrage) zum Zwecke der Bearbeitung Ihres Anliegens bei uns gespeichert und verarbeitet. Die Verarbeitung dieser Daten erfolgt auf Grundlage von Art. 6 Abs. 1 lit. b DSGVO, sofern Ihre Anfrage mit der Erf\u00fcllung eines Vertrags zusammenh\u00e4ngt oder zur Durchf\u00fchrung vorvertraglicher Ma\u00dfnahmen erforderlich ist. In allen \u00fcbrigen F\u00e4llen beruht die Verarbeitung auf Ihrer Einwilligung (Art. 6 Abs. 1 lit. a DSGVO) und \/ oder auf unseren berechtigten Interessen (Art. 6 Abs. 1 lit. f DSGVO), da wir ein berechtigtes Interesse an der effektiven Bearbeitung der an uns gerichteten Anfragen haben. Die von Ihnen an uns per Kontaktanfrage \u00fcbersandten Daten verbleiben bei uns, bis Sie uns zur L\u00f6schung auffordern, Ihre Einwilligung zur Speicherung widerrufen oder der Zweck f\u00fcr die Datenspeicherung entf\u00e4llt (z. B. nach abgeschlossener Bearbeitung Ihres Anliegens). Zwingende gesetzliche Bestimmungen \u2013 insbesondere gesetzliche Aufbewahrungsfristen \u2013 bleiben unber\u00fchrt. Wir geben Ihre Daten nicht ohne Ihre Einwilligung weiter.<\/p>\n\n\n\n<h2 class=\"wp-block-heading\">V. &nbsp;&nbsp;&nbsp;&nbsp;&nbsp;&nbsp;&nbsp; Datenanalyse<\/h2>\n\n\n\n<p>Wenn Sie auf unsere APP zugreifen, kann Ihr Verhalten mit Hilfe bestimmter AnalyseWerkzeuge statistisch ausgewertet und zu Werbe- und Markforschungszwecken oder zur Verbesserung unserer Angebote analysiert werden. Bei der Verwendung derartiger Tools achten wir auf die Einhaltung der gesetzlichen Datenschutzbestimmungen. Beim Einsatz externer Dienstleister (Auftragsverarbeiter) stellen wir durch entsprechende Vertr\u00e4ge mit den Dienstleistern sicher, dass die Datenverarbeitung den deutschen und europ\u00e4ischen Datenschutzstandards entspricht.<\/p>\n\n\n\n<p><strong><u>Stand: 05\/2019<\/u><\/strong><\/p>\n\n\n\n<p><em>Quelle: eRecht24 GmbH &amp; Co. KG<\/em><\/p>\n\n\n\n<p><\/p>\n","protected":false},"excerpt":{"rendered":"<p>I. &nbsp;&nbsp;&nbsp;&nbsp;&nbsp;&nbsp;&nbsp;&nbsp; Allgemein&nbsp;&nbsp;&nbsp;&nbsp;&nbsp;&nbsp; Wir nehmen den Schutz Ihrer personenbezogenen Daten sehr ernst und behandeln diese vertraulich und entsprechend der gesetzlichen Datenschutzvorschriften sowie dieser Datenschutzerkl\u00e4rung. Diese Datenschutzerkl\u00e4rung gilt f\u00fcr unsere mobilen iPhone- und Android-Apps (im Folgenden \u201eAPP\u201c). In ihr werden Art, &hellip; <a href=\"https:\/\/www.jn-elektronik.de\/?page_id=1776\">Weiterlesen <span class=\"meta-nav\">&rarr;<\/span><\/a><\/p>\n","protected":false},"author":1,"featured_media":0,"parent":1249,"menu_order":0,"comment_status":"closed","ping_status":"closed","template":"onecolumn-page.php","meta":{"footnotes":""},"class_list":["post-1776","page","type-page","status-publish","hentry"],"_links":{"self":[{"href":"https:\/\/www.jn-elektronik.de\/index.php?rest_route=\/wp\/v2\/pages\/1776","targetHints":{"allow":["GET"]}}],"collection":[{"href":"https:\/\/www.jn-elektronik.de\/index.php?rest_route=\/wp\/v2\/pages"}],"about":[{"href":"https:\/\/www.jn-elektronik.de\/index.php?rest_route=\/wp\/v2\/types\/page"}],"author":[{"embeddable":true,"href":"https:\/\/www.jn-elektronik.de\/index.php?rest_route=\/wp\/v2\/users\/1"}],"replies":[{"embeddable":true,"href":"https:\/\/www.jn-elektronik.de\/index.php?rest_route=%2Fwp%2Fv2%2Fcomments&post=1776"}],"version-history":[{"count":2,"href":"https:\/\/www.jn-elektronik.de\/index.php?rest_route=\/wp\/v2\/pages\/1776\/revisions"}],"predecessor-version":[{"id":1779,"href":"https:\/\/www.jn-elektronik.de\/index.php?rest_route=\/wp\/v2\/pages\/1776\/revisions\/1779"}],"up":[{"embeddable":true,"href":"https:\/\/www.jn-elektronik.de\/index.php?rest_route=\/wp\/v2\/pages\/1249"}],"wp:attachment":[{"href":"https:\/\/www.jn-elektronik.de\/index.php?rest_route=%2Fwp%2Fv2%2Fmedia&parent=1776"}],"curies":[{"name":"wp","href":"https:\/\/api.w.org\/{rel}","templated":true}]}}