{"id":1602,"date":"2022-05-09T18:00:00","date_gmt":"2022-05-09T16:00:00","guid":{"rendered":"http:\/\/www.jn-elektronik.de\/?page_id=1602"},"modified":"2023-06-15T19:38:01","modified_gmt":"2023-06-15T17:38:01","slug":"autodipdown-modul","status":"publish","type":"page","link":"https:\/\/www.jn-elektronik.de\/?page_id=1602","title":{"rendered":"AutoDipDown Modul"},"content":{"rendered":"<p><a href=\"http:\/\/www.jn-elektronik.de\/wp-content\/uploads\/2022\/05\/IMG_8950-scaled.jpg\"><img loading=\"lazy\" decoding=\"async\" class=\" wp-image-911 alignnone \" src=\"http:\/\/www.jn-elektronik.de\/wp-content\/uploads\/2022\/05\/IMG_8950-scaled.jpg\" alt=\"AutoDipDown Modul\" width=\"352\" height=\"289\"><\/a><\/p>\n<p>Mit meinem AutoDipDown Modul ist es m\u00f6glich, den Beifahrerau\u00dfenspiegel bei einlegen des R\u00fcckw\u00e4rtsganges<br \/>\nautomatisch abzusenken. Nach dem herausnehmen des R\u00fcckw\u00e4rtsganges f\u00e4hrt der Spiegel wieder in seine urspr\u00fcngliche<br \/>\nPosition zur\u00fcck. Das Modul ist schnell und einfach deaktivierbar. Das Modul besitzt keine ABE und somit keine Zulassung im Bereich der STVZO.<\/p>\n<p><strong>Die Bedienungsanleitungen findet ihr hier: <\/strong> <a href=\"http:\/\/www.jn-elektronik.de\/?page_id=1739\" target=\"_blank\" rel=\"noopener\">Anleitungen<\/a><\/p>\n<p><strong>Das AutoDipDown Modul V2.0 kostet 89\u20ac* zzgl. <a href=\"http:\/\/www.jn-elektronik.de\/?page_id=862\" target=\"_blank\" rel=\"noopener\">Versandkosten<\/a><\/strong><\/p>\n<h3><strong>Lieferumfang:<\/strong><\/h3>\n<p>1 x Kabelset, steckbar am Modul mit offenen Leitungen<\/p>\n<p><em>*Alle angegebenen Preise sind Endpreise zzgl. Liefer-\/Versandkosten.<\/em><\/p>\n<p><em>Gem\u00e4ss \u00a7 19 UStG erheben ich keine Umsatzsteuer und weise diese daher auch nicht aus.<\/em><\/p>\n","protected":false},"excerpt":{"rendered":"<p>Mit meinem AutoDipDown Modul ist es m\u00f6glich, den Beifahrerau\u00dfenspiegel bei einlegen des R\u00fcckw\u00e4rtsganges automatisch abzusenken. Nach dem herausnehmen des R\u00fcckw\u00e4rtsganges f\u00e4hrt der Spiegel wieder in seine urspr\u00fcngliche Position zur\u00fcck. Das Modul ist schnell und einfach deaktivierbar. Das Modul besitzt keine &hellip; <a href=\"https:\/\/www.jn-elektronik.de\/?page_id=1602\">Weiterlesen <span class=\"meta-nav\">&rarr;<\/span><\/a><\/p>\n","protected":false},"author":1,"featured_media":1673,"parent":0,"menu_order":4,"comment_status":"closed","ping_status":"closed","template":"onecolumn-page.php","meta":{"footnotes":""},"class_list":["post-1602","page","type-page","status-publish","has-post-thumbnail","hentry"],"_links":{"self":[{"href":"https:\/\/www.jn-elektronik.de\/index.php?rest_route=\/wp\/v2\/pages\/1602","targetHints":{"allow":["GET"]}}],"collection":[{"href":"https:\/\/www.jn-elektronik.de\/index.php?rest_route=\/wp\/v2\/pages"}],"about":[{"href":"https:\/\/www.jn-elektronik.de\/index.php?rest_route=\/wp\/v2\/types\/page"}],"author":[{"embeddable":true,"href":"https:\/\/www.jn-elektronik.de\/index.php?rest_route=\/wp\/v2\/users\/1"}],"replies":[{"embeddable":true,"href":"https:\/\/www.jn-elektronik.de\/index.php?rest_route=%2Fwp%2Fv2%2Fcomments&post=1602"}],"version-history":[{"count":18,"href":"https:\/\/www.jn-elektronik.de\/index.php?rest_route=\/wp\/v2\/pages\/1602\/revisions"}],"predecessor-version":[{"id":1760,"href":"https:\/\/www.jn-elektronik.de\/index.php?rest_route=\/wp\/v2\/pages\/1602\/revisions\/1760"}],"wp:featuredmedia":[{"embeddable":true,"href":"https:\/\/www.jn-elektronik.de\/index.php?rest_route=\/wp\/v2\/media\/1673"}],"wp:attachment":[{"href":"https:\/\/www.jn-elektronik.de\/index.php?rest_route=%2Fwp%2Fv2%2Fmedia&parent=1602"}],"curies":[{"name":"wp","href":"https:\/\/api.w.org\/{rel}","templated":true}]}}