{"id":1040,"date":"2024-12-30T15:05:44","date_gmt":"2024-12-30T13:05:44","guid":{"rendered":"http:\/\/www.jn-elektronik.de\/?page_id=1040"},"modified":"2026-01-07T07:06:37","modified_gmt":"2026-01-07T05:06:37","slug":"welche-pnp-version-benoetige-ich","status":"publish","type":"page","link":"https:\/\/www.jn-elektronik.de\/?page_id=1040","title":{"rendered":"Welche PnP Version ben\u00f6tige ich (Liste)?"},"content":{"rendered":"\n<div class=\"wp-block-group\"><div class=\"wp-block-group__inner-container is-layout-flow wp-block-group-is-layout-flow\">\n<p>Hier sind nur die best\u00e4tigten Modelle aufgef\u00fchrt. Wer mich unterst\u00fctzen m\u00f6chte kann mir gerne sein Modell und die Variante nennen dann nehme ich diese gern in meine Liste auf.<\/p>\n<p><strong><span style=\"color: #339966;\">Mein Modul funktioniert mit den zugelassenen LED Leuchtmitteln (z.B. Osram Night Breaker\u00ae LED Gen2) einwandfrei.<\/span> <span style=\"color: #ff0000;\">Es funktioniert nicht mit LED oder HID (Xenon) Leuchtmitteln welche <\/span><\/strong><span style=\"color: #ff0000;\"><strong>\u00fcber eigene Steuerger\u00e4te betrieben werden (Ballasts)!<\/strong><\/span><\/p>\n<p>Andere PnP Konfigurationen (auch gemischt) sind problemlos m\u00f6glich. Einfach anfragen!<\/p>\n<p><strong>Aprilia:<\/strong><br \/>RS 125 \/\/ Version &#8222;H11&#8220;<\/p>\n<p><strong>Ducati:<\/strong><br \/>848\/1098\/1198-alle Zusatzbezeichnungen \/\/ Version &#8222;H11-Spezial&#8220;<br \/>ST4s Bj. 2005 \/\/ Version &#8222;H7\/H9&#8220;<\/p>\n<p><strong>Gilera:<\/strong><br \/>Nexus 500 Bj.06 \/\/ Version &#8222;H7-direkt&#8220;<\/p>\n<p><strong>Honda:<\/strong><br \/>CBR600-RR (PC32-2003) \/\/ Version &#8222;Z&#8220;<br \/>CBR600-RR (PC37-2005) \/\/ Version &#8222;Z&#8220;<br \/>CBR600-RR (PC40-2007) \/\/ Version &#8222;H7-direkt&#8220;<br \/>CBR600-F (2003) \/\/ Version &#8222;Z&#8220;<br \/>CBR600-F PC35 (2002) \/\/ Version &#8222;Z&#8220;<br \/>CBR1000-RR (SC57-2004-2007) \/\/ Version &#8222;Z&#8220;<br \/>CBR1000-RR (SC59-2008-2014) \/\/ Version &#8222;H7-direkt&#8220;<br \/>CBF1000-F (SC58\/SC64) \/\/ Version &#8222;H7-direkt&#8220;<br \/>CBF600-S (PC38\/PC43) \/\/ Version &#8222;H7-direkt&#8220;<br \/>SW-T600 Bj.2011 \/\/ Version &#8222;Z&#8220;<br \/>SW-T400 \/\/ Version &#8222;Z&#8220;<\/p>\n<p><strong>Kawasaki:<\/strong><br \/>ER6F 650C DBF Bj.2011, 2015 \/\/ Version &#8222;Z&#8220;<br \/>Versys 650 Bj. 2015 \/\/ Version &#8222;H7-direkt&#8220;<br \/>Versys 1000 Bj. 2012 \/\/ Version &#8222;Z&#8220; (Scheinwerfer \u00fcbereinander)<br \/>Versys 1000 Bj. 2015 \/\/ Version &#8222;H7-direkt&#8220;<br \/>Z1000SX Bj. alle \/\/ Version &#8222;Z&#8220;<br \/>Z750-Z800 Bj. alle \/\/ Version &#8222;Z&#8220;<br \/>Z900 Bj. alle \/\/ Version &#8222;Z&#8220;<br \/>ZX-6R Bj. 2008, 2012 \/\/ Version &#8222;H9\/H11&#8220; (Abblendlicht H11 \/ Fernlicht H9)<br \/>ZX-10R Bj. 2004\/2008\/2009\/2010 \/\/ Version &#8222;H9\/H11&#8220; (Abblendlicht H11 \/ Fernlicht H9)<br \/>ZX-10R Bj. 2005\/2012 \/\/ Version &#8222;H7-direkt&#8220;<br \/>Ninja ZX6-R 636C \/\/ Version &#8222;H7-direkt&#8220;<\/p>\n<p><strong>Suzuki:<\/strong><br \/>Bandit 600\/1200 Pop \/\/ Version &#8222;HB&#8220;<br \/>GSX-R 600 K3 \/\/ Version &#8222;Z&#8220;<br \/>GSX-R 1000 K1 \/\/ Version &#8222;Z&#8220;<br \/>GSX-S1000F Bj. 2016 \/\/ Version &#8222;H7-direkt&#8220;<\/p>\n<p><strong>Triumph:<\/strong><br \/>Tiger 1050\u00a0 \/\/ Version &#8222;H7\/H9&#8220;<\/p>\n<p><strong>Yamaha:<\/strong><br \/>TDM 900 Bj.2002\/2005\/2007 \/\/ Version &#8222;Z&#8220;<br \/>R6 RJ05 Bj.2003\/ RJ11 \/\/ Version &#8222;H7-direkt&#8220;<br \/>FZ6 Fazer Bj.2005 \/\/ Version &#8222;Z&#8220;<\/p>\n<p>&nbsp;<\/p>\n<h5><span class=\"BxUVEf ILfuVd\" lang=\"de\"><span class=\"hgKElc\">Alle Angaben sind nach bestem Wissen und Gewissen gemacht worden. <b>Alle genannten Markennamen und gesch\u00fctzte Warenzeichen sind Eigentum ihrer jeweiligen Inhaber<\/b>. Die Nennung von Markennamen und gesch\u00fctzter Warenzeichen hat lediglich beschreibenden Charakter.<\/span><\/span><\/h5>\n<\/div><\/div>\n","protected":false},"excerpt":{"rendered":"<p>Hier sind nur die best\u00e4tigten Modelle aufgef\u00fchrt. Wer mich unterst\u00fctzen m\u00f6chte kann mir gerne sein Modell und die Variante nennen dann nehme ich diese gern in meine Liste auf. Mein Modul funktioniert mit den zugelassenen LED Leuchtmitteln (z.B. Osram Night &hellip; <a href=\"https:\/\/www.jn-elektronik.de\/?page_id=1040\">Weiterlesen <span class=\"meta-nav\">&rarr;<\/span><\/a><\/p>\n","protected":false},"author":1,"featured_media":0,"parent":4,"menu_order":4,"comment_status":"closed","ping_status":"closed","template":"onecolumn-page.php","meta":{"footnotes":""},"class_list":["post-1040","page","type-page","status-publish","hentry"],"_links":{"self":[{"href":"https:\/\/www.jn-elektronik.de\/index.php?rest_route=\/wp\/v2\/pages\/1040","targetHints":{"allow":["GET"]}}],"collection":[{"href":"https:\/\/www.jn-elektronik.de\/index.php?rest_route=\/wp\/v2\/pages"}],"about":[{"href":"https:\/\/www.jn-elektronik.de\/index.php?rest_route=\/wp\/v2\/types\/page"}],"author":[{"embeddable":true,"href":"https:\/\/www.jn-elektronik.de\/index.php?rest_route=\/wp\/v2\/users\/1"}],"replies":[{"embeddable":true,"href":"https:\/\/www.jn-elektronik.de\/index.php?rest_route=%2Fwp%2Fv2%2Fcomments&post=1040"}],"version-history":[{"count":72,"href":"https:\/\/www.jn-elektronik.de\/index.php?rest_route=\/wp\/v2\/pages\/1040\/revisions"}],"predecessor-version":[{"id":1934,"href":"https:\/\/www.jn-elektronik.de\/index.php?rest_route=\/wp\/v2\/pages\/1040\/revisions\/1934"}],"up":[{"embeddable":true,"href":"https:\/\/www.jn-elektronik.de\/index.php?rest_route=\/wp\/v2\/pages\/4"}],"wp:attachment":[{"href":"https:\/\/www.jn-elektronik.de\/index.php?rest_route=%2Fwp%2Fv2%2Fmedia&parent=1040"}],"curies":[{"name":"wp","href":"https:\/\/api.w.org\/{rel}","templated":true}]}}